{"id":17780,"date":"2024-10-30T07:51:10","date_gmt":"2024-10-30T07:51:10","guid":{"rendered":"https:\/\/ccaa.sinnapse.com.br\/?page_id=17780"},"modified":"2026-04-15T19:06:05","modified_gmt":"2026-04-15T19:06:05","slug":"sucesso-convenios-empresa","status":"publish","type":"page","link":"https:\/\/ccaa.com.br\/en\/convenios\/sucesso-convenios-empresa\/","title":{"rendered":"Sucesso &#8211; Conv\u00eanios empresa"},"content":{"rendered":"<div data-elementor-type=\"wp-page\" data-elementor-id=\"17780\" class=\"elementor elementor-17780\" data-elementor-post-type=\"page\">\n\t\t\t\t<div class=\"elementor-element elementor-element-922ccc8 e-flex e-con-boxed e-con e-parent\" data-id=\"922ccc8\" data-element_type=\"container\" data-settings=\"{&quot;background_background&quot;:&quot;classic&quot;}\">\n\t\t\t\t\t<div class=\"e-con-inner\">\n\t\t<div class=\"elementor-element elementor-element-9bbf972 e-con-full e-flex e-con e-child\" data-id=\"9bbf972\" data-element_type=\"container\">\n\t\t<div class=\"elementor-element elementor-element-761442f e-con-full e-flex e-con e-child\" data-id=\"761442f\" data-element_type=\"container\">\n\t\t\t\t<div class=\"elementor-element elementor-element-805dae3 elementor-button-info elementor-widget elementor-widget-button\" data-id=\"805dae3\" data-element_type=\"widget\" data-widget_type=\"button.default\">\n\t\t\t\t<div class=\"elementor-widget-container\">\n\t\t\t\t\t\t\t\t\t<div class=\"elementor-button-wrapper\">\n\t\t\t\t\t<a class=\"elementor-button elementor-size-sm\" role=\"button\">\n\t\t\t\t\t\t<span class=\"elementor-button-content-wrapper\">\n\t\t\t\t\t\t<span class=\"elementor-button-icon\">\n\t\t\t\t<svg xmlns=\"http:\/\/www.w3.org\/2000\/svg\" xmlns:xlink=\"http:\/\/www.w3.org\/1999\/xlink\" width=\"21.6\" height=\"20.858\" viewbox=\"0 0 21.6 20.858\"><defs><clippath id=\"clip-path\"><rect id=\"Ret&#xE2;ngulo_685\" data-name=\"Ret&#xE2;ngulo 685\" width=\"21.6\" height=\"20.858\" transform=\"translate(0 0)\" fill=\"none\"><\/rect><\/clippath><\/defs><g id=\"Grupo_958\" data-name=\"Grupo 958\" transform=\"translate(8.667 -16.404)\"><g id=\"Grupo_957\" data-name=\"Grupo 957\" transform=\"translate(-8.667 16.404)\" clip-path=\"url(#clip-path)\"><path id=\"Caminho_4882\" data-name=\"Caminho 4882\" d=\"M14.4,17.618a1.018,1.018,0,0,1-.525-.146L11.27,15.9l-1.535-.953a.114.114,0,0,0-.119,0L5.482,17.436a1.015,1.015,0,0,1-1.514-1.1l1.09-4.72a.113.113,0,0,0-.036-.111L1.351,8.32A1.015,1.015,0,0,1,1.93,6.542l4.824-.407a.113.113,0,0,0,.1-.069L8.744,1.617A1,1,0,0,1,9.678,1h0a1,1,0,0,1,.933.619l1.9,4.481a.113.113,0,0,0,.1.069l4.824.407a1.015,1.015,0,0,1,.579,1.779l-3.672,3.185a.114.114,0,0,0-.036.112l1.091,4.72a1.016,1.016,0,0,1-.989,1.246M9.676,14.024a1.013,1.013,0,0,1,.536.154l1.53.95,2.6,1.572a.107.107,0,0,0,.126-.005.106.106,0,0,0,.044-.118l-1.091-4.723a1.014,1.014,0,0,1,.324-.993l3.672-3.185a.114.114,0,0,0-.065-.2l-4.823-.407a1.013,1.013,0,0,1-.851-.616l-1.9-4.481a.106.106,0,0,0-.1-.069h0a.106.106,0,0,0-.1.069L7.68,6.417a1.013,1.013,0,0,1-.851.616L2.006,7.44a.114.114,0,0,0-.065.2l3.672,3.186a1.013,1.013,0,0,1,.324.993L4.846,16.542a.114.114,0,0,0,.17.123L9.152,14.17a1.015,1.015,0,0,1,.524-.146\" transform=\"translate(1.12 1.12)\" fill=\"none\" stroke=\"#185ca5\" stroke-width=\"1\"><\/path><\/g><\/g><\/svg>\t\t\t<\/span>\n\t\t\t\t\t\t\t\t\t<span class=\"elementor-button-text\">Partnerships<\/span>\n\t\t\t\t\t<\/span>\n\t\t\t\t\t<\/a>\n\t\t\t\t<\/div>\n\t\t\t\t\t\t\t\t<\/div>\n\t\t\t\t<\/div>\n\t\t\t\t<\/div>\n\t\t<div class=\"elementor-element elementor-element-d5cad8f e-con-full e-flex e-con e-child\" data-id=\"d5cad8f\" data-element_type=\"container\">\n\t\t\t\t<div class=\"elementor-element elementor-element-ae10774 elementor-widget elementor-widget-heading\" data-id=\"ae10774\" data-element_type=\"widget\" data-widget_type=\"heading.default\">\n\t\t\t\t<div class=\"elementor-widget-container\">\n\t\t\t\t\t<h2 class=\"elementor-heading-title elementor-size-default\">We are happy <br><b>with your contact.<\/b><\/h2>\t\t\t\t<\/div>\n\t\t\t\t<\/div>\n\t\t\t\t<div class=\"elementor-element elementor-element-c6f0e57 elementor-widget elementor-widget-text-editor\" data-id=\"c6f0e57\" data-element_type=\"widget\" data-widget_type=\"text-editor.default\">\n\t\t\t\t<div class=\"elementor-widget-container\">\n\t\t\t\t\t\t\t\t\tWe will soon respond to your request and answer your questions. But if you prefer, contact a <a href=\"\/en\/unidades\/\" style=\"color:white; font-weight:bold; text-decoration:underline;\">unit directly<\/a>.\t\t\t\t\t\t\t\t<\/div>\n\t\t\t\t<\/div>\n\t\t\t\t<\/div>\n\t\t\t\t<\/div>\n\t\t<div class=\"elementor-element elementor-element-aec95e8 e-con-full e-flex e-con e-child\" data-id=\"aec95e8\" data-element_type=\"container\">\n\t\t\t\t<\/div>\n\t\t\t\t\t<\/div>\n\t\t\t\t<\/div>\n\t\t\t\t<\/div>","protected":false},"excerpt":{"rendered":"<p>Conv\u00eanios Ficamos felizes com o seu contato. Logo, logo atenderemos a sua solicita\u00e7\u00e3o e tiraremos suas d\u00favidas. Mas, se preferir, entre em contato diretamente com uma unidade.<\/p>","protected":false},"author":1193413,"featured_media":0,"parent":16511,"menu_order":0,"comment_status":"closed","ping_status":"closed","template":"","meta":{"footnotes":""},"class_list":["post-17780","page","type-page","status-publish","hentry"],"acf":[],"yoast_head":"<!-- This site is optimized with the Yoast SEO plugin v24.8.1 - https:\/\/yoast.com\/wordpress\/plugins\/seo\/ -->\n<title>Sucesso - Conv\u00eanios empresa - CCAA<\/title>\n<meta name=\"robots\" content=\"index, follow, max-snippet:-1, max-image-preview:large, max-video-preview:-1\" \/>\n<link rel=\"canonical\" href=\"https:\/\/ccaa.com.br\/en\/convenios\/sucesso-convenios-empresa\/\" \/>\n<meta property=\"og:locale\" content=\"en_US\" \/>\n<meta property=\"og:type\" content=\"article\" \/>\n<meta property=\"og:title\" content=\"Programa Bil\u00edngue para Escolas | CCAA\" \/>\n<meta property=\"og:description\" content=\"Leve o ensino bil\u00edngue para sua escola com o CCAA. Solu\u00e7\u00f5es completas, metodologia comprovada e suporte especializado.\" \/>\n<meta property=\"og:url\" content=\"https:\/\/ccaa.com.br\/en\/convenios\/sucesso-convenios-empresa\/\" \/>\n<meta property=\"og:site_name\" content=\"CCAA\" \/>\n<meta property=\"article:publisher\" content=\"https:\/\/www.facebook.com\/CCAA\" \/>\n<meta property=\"article:modified_time\" content=\"2026-04-15T19:06:05+00:00\" \/>\n<meta name=\"twitter:card\" content=\"summary_large_image\" \/>\n<meta name=\"twitter:site\" content=\"@ccaaoficial\" \/>\n<meta name=\"twitter:label1\" content=\"Est. reading time\" \/>\n\t<meta name=\"twitter:data1\" content=\"1 minute\" \/>\n<script type=\"application\/ld+json\" class=\"yoast-schema-graph\">{\"@context\":\"https:\/\/schema.org\",\"@graph\":[{\"@type\":\"WebPage\",\"@id\":\"https:\/\/ccaa.com.br\/convenios\/sucesso-convenios-empresa\/\",\"url\":\"https:\/\/ccaa.com.br\/convenios\/sucesso-convenios-empresa\/\",\"name\":\"Sucesso - Conv\u00eanios empresa - CCAA\",\"isPartOf\":{\"@id\":\"https:\/\/ccaa.com.br\/#website\"},\"datePublished\":\"2024-10-30T07:51:10+00:00\",\"dateModified\":\"2026-04-15T19:06:05+00:00\",\"breadcrumb\":{\"@id\":\"https:\/\/ccaa.com.br\/convenios\/sucesso-convenios-empresa\/#breadcrumb\"},\"inLanguage\":\"en-US\",\"potentialAction\":[{\"@type\":\"ReadAction\",\"target\":[\"https:\/\/ccaa.com.br\/convenios\/sucesso-convenios-empresa\/\"]}]},{\"@type\":\"BreadcrumbList\",\"@id\":\"https:\/\/ccaa.com.br\/convenios\/sucesso-convenios-empresa\/#breadcrumb\",\"itemListElement\":[{\"@type\":\"ListItem\",\"position\":1,\"name\":\"Home\",\"item\":\"https:\/\/ccaa.com.br\/\"},{\"@type\":\"ListItem\",\"position\":2,\"name\":\"Conv\u00eanios\",\"item\":\"https:\/\/ccaa.com.br\/convenios\/\"},{\"@type\":\"ListItem\",\"position\":3,\"name\":\"Sucesso &#8211; Conv\u00eanios empresa\"}]},{\"@type\":\"WebSite\",\"@id\":\"https:\/\/ccaa.com.br\/#website\",\"url\":\"https:\/\/ccaa.com.br\/\",\"name\":\"CCAA\",\"description\":\"\",\"publisher\":{\"@id\":\"https:\/\/ccaa.com.br\/#organization\"},\"potentialAction\":[{\"@type\":\"SearchAction\",\"target\":{\"@type\":\"EntryPoint\",\"urlTemplate\":\"https:\/\/ccaa.com.br\/?s={search_term_string}\"},\"query-input\":{\"@type\":\"PropertyValueSpecification\",\"valueRequired\":true,\"valueName\":\"search_term_string\"}}],\"inLanguage\":\"en-US\"},{\"@type\":\"Organization\",\"@id\":\"https:\/\/ccaa.com.br\/#organization\",\"name\":\"CCAA\",\"url\":\"https:\/\/ccaa.com.br\/\",\"logo\":{\"@type\":\"ImageObject\",\"inLanguage\":\"en-US\",\"@id\":\"https:\/\/ccaa.com.br\/#\/schema\/logo\/image\/\",\"url\":\"https:\/\/ccaa.com.br\/wp-content\/uploads\/logo.svg\",\"contentUrl\":\"https:\/\/ccaa.com.br\/wp-content\/uploads\/logo.svg\",\"width\":133,\"height\":90,\"caption\":\"CCAA\"},\"image\":{\"@id\":\"https:\/\/ccaa.com.br\/#\/schema\/logo\/image\/\"},\"sameAs\":[\"https:\/\/www.facebook.com\/CCAA\",\"https:\/\/x.com\/ccaaoficial\"]}]}<\/script>\n<!-- \/ Yoast SEO plugin. -->","yoast_head_json":{"title":"Sucesso - Conv\u00eanios empresa - CCAA","robots":{"index":"index","follow":"follow","max-snippet":"max-snippet:-1","max-image-preview":"max-image-preview:large","max-video-preview":"max-video-preview:-1"},"canonical":"https:\/\/ccaa.com.br\/en\/convenios\/sucesso-convenios-empresa\/","og_locale":"en_US","og_type":"article","og_title":"Programa Bil\u00edngue para Escolas | CCAA","og_description":"Leve o ensino bil\u00edngue para sua escola com o CCAA. Solu\u00e7\u00f5es completas, metodologia comprovada e suporte especializado.","og_url":"https:\/\/ccaa.com.br\/en\/convenios\/sucesso-convenios-empresa\/","og_site_name":"CCAA","article_publisher":"https:\/\/www.facebook.com\/CCAA","article_modified_time":"2026-04-15T19:06:05+00:00","twitter_card":"summary_large_image","twitter_site":"@ccaaoficial","twitter_misc":{"Est. reading time":"1 minute"},"schema":{"@context":"https:\/\/schema.org","@graph":[{"@type":"WebPage","@id":"https:\/\/ccaa.com.br\/convenios\/sucesso-convenios-empresa\/","url":"https:\/\/ccaa.com.br\/convenios\/sucesso-convenios-empresa\/","name":"Sucesso - Conv\u00eanios empresa - CCAA","isPartOf":{"@id":"https:\/\/ccaa.com.br\/#website"},"datePublished":"2024-10-30T07:51:10+00:00","dateModified":"2026-04-15T19:06:05+00:00","breadcrumb":{"@id":"https:\/\/ccaa.com.br\/convenios\/sucesso-convenios-empresa\/#breadcrumb"},"inLanguage":"en-US","potentialAction":[{"@type":"ReadAction","target":["https:\/\/ccaa.com.br\/convenios\/sucesso-convenios-empresa\/"]}]},{"@type":"BreadcrumbList","@id":"https:\/\/ccaa.com.br\/convenios\/sucesso-convenios-empresa\/#breadcrumb","itemListElement":[{"@type":"ListItem","position":1,"name":"Home","item":"https:\/\/ccaa.com.br\/"},{"@type":"ListItem","position":2,"name":"Conv\u00eanios","item":"https:\/\/ccaa.com.br\/convenios\/"},{"@type":"ListItem","position":3,"name":"Sucesso &#8211; Conv\u00eanios empresa"}]},{"@type":"WebSite","@id":"https:\/\/ccaa.com.br\/#website","url":"https:\/\/ccaa.com.br\/","name":"CCAA","description":"","publisher":{"@id":"https:\/\/ccaa.com.br\/#organization"},"potentialAction":[{"@type":"SearchAction","target":{"@type":"EntryPoint","urlTemplate":"https:\/\/ccaa.com.br\/?s={search_term_string}"},"query-input":{"@type":"PropertyValueSpecification","valueRequired":true,"valueName":"search_term_string"}}],"inLanguage":"en-US"},{"@type":"Organization","@id":"https:\/\/ccaa.com.br\/#organization","name":"CCAA","url":"https:\/\/ccaa.com.br\/","logo":{"@type":"ImageObject","inLanguage":"en-US","@id":"https:\/\/ccaa.com.br\/#\/schema\/logo\/image\/","url":"https:\/\/ccaa.com.br\/wp-content\/uploads\/logo.svg","contentUrl":"https:\/\/ccaa.com.br\/wp-content\/uploads\/logo.svg","width":133,"height":90,"caption":"CCAA"},"image":{"@id":"https:\/\/ccaa.com.br\/#\/schema\/logo\/image\/"},"sameAs":["https:\/\/www.facebook.com\/CCAA","https:\/\/x.com\/ccaaoficial"]}]}},"_links":{"self":[{"href":"https:\/\/ccaa.com.br\/en\/wp-json\/wp\/v2\/pages\/17780","targetHints":{"allow":["GET"]}}],"collection":[{"href":"https:\/\/ccaa.com.br\/en\/wp-json\/wp\/v2\/pages"}],"about":[{"href":"https:\/\/ccaa.com.br\/en\/wp-json\/wp\/v2\/types\/page"}],"author":[{"embeddable":true,"href":"https:\/\/ccaa.com.br\/en\/wp-json\/wp\/v2\/users\/1193413"}],"replies":[{"embeddable":true,"href":"https:\/\/ccaa.com.br\/en\/wp-json\/wp\/v2\/comments?post=17780"}],"version-history":[{"count":8,"href":"https:\/\/ccaa.com.br\/en\/wp-json\/wp\/v2\/pages\/17780\/revisions"}],"predecessor-version":[{"id":24913,"href":"https:\/\/ccaa.com.br\/en\/wp-json\/wp\/v2\/pages\/17780\/revisions\/24913"}],"up":[{"embeddable":true,"href":"https:\/\/ccaa.com.br\/en\/wp-json\/wp\/v2\/pages\/16511"}],"wp:attachment":[{"href":"https:\/\/ccaa.com.br\/en\/wp-json\/wp\/v2\/media?parent=17780"}],"curies":[{"name":"wp","href":"https:\/\/api.w.org\/{rel}","templated":true}]}}