{"id":15733,"date":"2024-10-03T23:10:31","date_gmt":"2024-10-03T23:10:31","guid":{"rendered":"https:\/\/ccaa.sinnapse.com.br\/?page_id=15733"},"modified":"2026-04-17T12:48:14","modified_gmt":"2026-04-17T12:48:14","slug":"trabalhe-conosco","status":"publish","type":"page","link":"https:\/\/ccaa.com.br\/es\/trabalhe-conosco\/","title":{"rendered":"Trabaja Con Nosotros"},"content":{"rendered":"<div data-elementor-type=\"wp-page\" data-elementor-id=\"15733\" class=\"elementor elementor-15733\" data-elementor-post-type=\"page\">\n\t\t\t\t<div class=\"elementor-element elementor-element-df9c999 e-flex e-con-boxed e-con e-parent\" data-id=\"df9c999\" data-element_type=\"container\" data-settings=\"{&quot;background_background&quot;:&quot;classic&quot;}\">\n\t\t\t\t\t<div class=\"e-con-inner\">\n\t\t<div class=\"elementor-element elementor-element-7b58cd3 e-con-full e-flex e-con e-child\" data-id=\"7b58cd3\" data-element_type=\"container\">\n\t\t<div class=\"elementor-element elementor-element-3646df2 e-con-full e-flex e-con e-child\" data-id=\"3646df2\" data-element_type=\"container\">\n\t\t<div class=\"elementor-element elementor-element-0331946 e-con-full e-flex e-con e-child\" data-id=\"0331946\" data-element_type=\"container\">\n\t\t\t\t<div class=\"elementor-element elementor-element-7fb493c elementor-align-left elementor-widget elementor-widget-breadcrumbs\" data-id=\"7fb493c\" data-element_type=\"widget\" data-widget_type=\"breadcrumbs.default\">\n\t\t\t\t<div class=\"elementor-widget-container\">\n\t\t\t\t\t<p id=\"breadcrumbs\"><span><span><a href=\"https:\/\/ccaa.com.br\/es\/\">Home<\/a><\/span><\/span><\/p>\t\t\t\t<\/div>\n\t\t\t\t<\/div>\n\t\t\t\t<\/div>\n\t\t<div class=\"elementor-element elementor-element-9da871a e-con-full e-flex e-con e-child\" data-id=\"9da871a\" data-element_type=\"container\">\n\t\t\t\t<div class=\"elementor-element elementor-element-f098fcb elementor-button-info elementor-widget elementor-widget-button\" data-id=\"f098fcb\" data-element_type=\"widget\" data-widget_type=\"button.default\">\n\t\t\t\t<div class=\"elementor-widget-container\">\n\t\t\t\t\t\t\t\t\t<div class=\"elementor-button-wrapper\">\n\t\t\t\t\t<a class=\"elementor-button elementor-size-sm\" role=\"button\">\n\t\t\t\t\t\t<span class=\"elementor-button-content-wrapper\">\n\t\t\t\t\t\t<span class=\"elementor-button-icon\">\n\t\t\t\t<svg xmlns=\"http:\/\/www.w3.org\/2000\/svg\" xmlns:xlink=\"http:\/\/www.w3.org\/1999\/xlink\" width=\"24\" height=\"21.145\" viewbox=\"0 0 24 21.145\"><defs><clippath id=\"clip-path\"><rect id=\"Ret&#xE2;ngulo_732\" data-name=\"Ret&#xE2;ngulo 732\" width=\"24\" height=\"21.145\" fill=\"none\"><\/rect><\/clippath><\/defs><g id=\"Grupo_1185\" data-name=\"Grupo 1185\" transform=\"translate(0 0)\"><g id=\"Grupo_1184\" data-name=\"Grupo 1184\" transform=\"translate(0 0)\" clip-path=\"url(#clip-path)\"><path id=\"Caminho_4957\" data-name=\"Caminho 4957\" d=\"M5.85,3.73c0-.5,0-.946,0-1.394A2.223,2.223,0,0,1,8.177,0Q12,0,15.824,0a2.223,2.223,0,0,1,2.325,2.335c0,.447,0,.9,0,1.393h.428c1.062,0,2.125-.007,3.187,0A2.089,2.089,0,0,1,24,5.989C24,7,23.991,8.014,24,9.026a2.922,2.922,0,0,1-.7,2,1,1,0,0,0-.239.714q.011,3.58,0,7.159a2.094,2.094,0,0,1-1.619,2.187,2.445,2.445,0,0,1-.594.055q-8.847,0-17.694,0A2.088,2.088,0,0,1,.941,18.937q-.015-3.58,0-7.159A1.094,1.094,0,0,0,.681,11,2.811,2.811,0,0,1,0,9.1C0,8.038,0,6.976,0,5.915A2.07,2.07,0,0,1,2.124,3.736C3.211,3.714,4.3,3.731,5.385,3.73H5.85m8.586,8.932a20.125,20.125,0,0,0,5.539-1.106A5.741,5.741,0,0,0,22,10.375a1.753,1.753,0,0,0,.586-1.363c-.023-.974-.006-1.948-.006-2.922,0-.774-.195-.966-.98-.966H2.332c-.683,0-.907.222-.907.888,0,1.012.013,2.023-.005,3.035a1.457,1.457,0,0,0,.515,1.234,8.94,8.94,0,0,0,1.647,1.077,14.015,14.015,0,0,0,4.065,1.087c.623.089,1.25.148,1.918.225,0-.266-.011-.466,0-.663a.673.673,0,0,1,.691-.69q1.743-.018,3.485,0a.672.672,0,0,1,.691.69c.014.2,0,.4,0,.653m7.231-.285c-.55.225-1.037.449-1.54.623a20.549,20.549,0,0,1-5.234,1.024c-.3.022-.5.075-.624.433a2.3,2.3,0,0,1-2.316,1.5,2.327,2.327,0,0,1-2.26-1.59.41.41,0,0,0-.416-.336c-.324-.025-.647-.051-.97-.086a17.118,17.118,0,0,1-5.793-1.522.735.735,0,0,0-.181-.033c0,2.163,0,4.3,0,6.436,0,.647.26.909.9.909H20.78c.619,0,.886-.266.886-.887q0-2.849,0-5.7v-.777M7.278,3.7h9.444c0-.454,0-.877,0-1.3,0-.722-.269-.992-.993-.992q-2.773,0-5.546,0c-.7,0-1.4-.007-2.1,0a.767.767,0,0,0-.806.8c-.01.486,0,.973,0,1.492m5.763,9.057H10.957c.033.6-.182,1.255.462,1.643a1.08,1.08,0,0,0,1.2-.024c.6-.4.387-1.034.419-1.619\" transform=\"translate(0 0)\" fill=\"#185ca5\"><\/path><\/g><\/g><\/svg>\t\t\t<\/span>\n\t\t\t\t\t\t\t\t\t<span class=\"elementor-button-text\">Trabaja con nosotros<\/span>\n\t\t\t\t\t<\/span>\n\t\t\t\t\t<\/a>\n\t\t\t\t<\/div>\n\t\t\t\t\t\t\t\t<\/div>\n\t\t\t\t<\/div>\n\t\t\t\t<\/div>\n\t\t<div class=\"elementor-element elementor-element-6baa0a0 e-con-full e-flex e-con e-child\" data-id=\"6baa0a0\" data-element_type=\"container\">\n\t\t\t\t<div class=\"elementor-element elementor-element-8436c23 elementor-widget__width-initial elementor-widget elementor-widget-heading\" data-id=\"8436c23\" data-element_type=\"widget\" data-widget_type=\"heading.default\">\n\t\t\t\t<div class=\"elementor-widget-container\">\n\t\t\t\t\t<h2 class=\"elementor-heading-title elementor-size-default\">Forma parte <b>del equipo<\/b><\/h2>\t\t\t\t<\/div>\n\t\t\t\t<\/div>\n\t\t\t\t<div class=\"elementor-element elementor-element-f3e6583 elementor-widget__width-initial elementor-widget elementor-widget-text-editor\" data-id=\"f3e6583\" data-element_type=\"widget\" data-widget_type=\"text-editor.default\">\n\t\t\t\t<div class=\"elementor-widget-container\">\n\t\t\t\t\t\t\t\t\tEsta \u00e1rea est\u00e1 destinada al registro de curr\u00edculums de profesionales interesados en trabajar en CCAA.\t\t\t\t\t\t\t\t<\/div>\n\t\t\t\t<\/div>\n\t\t\t\t<\/div>\n\t\t\t\t<\/div>\n\t\t<div class=\"elementor-element elementor-element-11ed566 e-con-full elementor-hidden-mobile e-flex e-con e-child\" data-id=\"11ed566\" data-element_type=\"container\">\n\t\t\t\t<\/div>\n\t\t\t\t<\/div>\n\t\t\t\t\t<\/div>\n\t\t\t\t<\/div>\n\t\t<div class=\"elementor-element elementor-element-36f4863 e-flex e-con-boxed e-con e-parent\" data-id=\"36f4863\" data-element_type=\"container\" data-settings=\"{&quot;background_background&quot;:&quot;classic&quot;}\">\n\t\t\t\t\t<div class=\"e-con-inner\">\n\t\t\t\t<div class=\"elementor-element elementor-element-7011c3e elementor-widget elementor-widget-spacer\" data-id=\"7011c3e\" data-element_type=\"widget\" data-widget_type=\"spacer.default\">\n\t\t\t\t<div class=\"elementor-widget-container\">\n\t\t\t\t\t\t\t<div class=\"elementor-spacer\">\n\t\t\t<div class=\"elementor-spacer-inner\"><\/div>\n\t\t<\/div>\n\t\t\t\t\t\t<\/div>\n\t\t\t\t<\/div>\n\t\t<div class=\"elementor-element elementor-element-f0843e3 e-con-full e-flex e-con e-child\" data-id=\"f0843e3\" data-element_type=\"container\">\n\t\t\t\t<div class=\"elementor-element elementor-element-f922689 elementor-widget elementor-widget-eael-image-accordion\" data-id=\"f922689\" data-element_type=\"widget\" data-widget_type=\"eael-image-accordion.default\">\n\t\t\t\t<div class=\"elementor-widget-container\">\n\t\t\t\t\t    <div class=\"eael-img-accordion accordion-direction-horizontal eael-img-accordion-horizontal-align-left eael-img-accordion-vertical-align-top\" id=\"eael-img-accordion-f922689\" data-img-accordion-id=\"f922689\" data-img-accordion-type=\"on-hover\">\n                    \n            <div class=\"eael-image-accordion-hover eael-image-accordion-item overlay-active\" style=\"background-image: url(https:\/\/ccaa.com.br\/wp-content\/uploads\/estagio-min.png); flex: 3 1 0%;\"  tabindex=\"0\">\n                <div class=\"overlay\">\n                    <div class=\"overlay-inner  overlay-inner-show\">\n                        <a href=\"https:\/\/institucional.ccaa.com.br\/trabalhe-conosco\/vagas\/?nivel=19\"><h4 class=\"img-accordion-title\">Vacantes de pasant\u00eda<\/h4><\/a>                            <p><h2 class=\"title-cursos\"><strong>Vacantes de pasant\u00eda<\/strong><\/h2><div class=\"g-end\"><img decoding=\"async\" class=\"local\" src=\"https:\/\/ccaa.com.br\/wp-content\/uploads\/2tb.svg\" \/> <span class=\"endereco\">Sede CCAA \u2013 R\u00edo de Janeiro<\/span><\/div><hr \/><p>\u00bfBuscas desaf\u00edos y oportunidades de desarrollo? CCAA es el lugar para tu crecimiento.<\/p><div class=\"btns\"><a href=\"https:\/\/institucional.ccaa.com.br\/trabalhe-conosco\/vagas#area=&amp;nivel=19\"><button class=\"btn-1\">Ver vacantes en la sede<\/button><\/a><\/div><\/p>\n                                            <\/div>\n                <\/div>\n            <\/div>\n                    \n            <div class=\"eael-image-accordion-hover eael-image-accordion-item\" style=\"background-image: url(https:\/\/ccaa.com.br\/wp-content\/uploads\/unidades-min.png);\"  tabindex=\"0\">\n                <div class=\"overlay\">\n                    <div class=\"overlay-inner\">\n                        <a href=\"https:\/\/institucional.ccaa.com.br\/trabalhe-conosco\/vagas\/\"><h4 class=\"img-accordion-title\">Trabaja en la sede<\/h4><\/a>                            <p><h2 class=\"title-cursos\"><strong>Trabaja en la sede<\/strong><\/h2><div class=\"g-end\"><img decoding=\"async\" class=\"local\" src=\"https:\/\/ccaa.com.br\/wp-content\/uploads\/2tb.svg\" \/> <span class=\"endereco\">Oportunidades de empleo en la sede de CCAA, en R\u00edo de Janeiro.<\/span><\/div><hr \/><p>\u00bfBuscas desaf\u00edos y oportunidades de desarrollo? CCAA es el lugar para tu crecimiento.<\/p><div class=\"btns\"><button class=\"btn-1\"><a href=\"https:\/\/institucional.ccaa.com.br\/trabalhe-conosco\/vagas\/\">Ver vacantes en la sede<\/a><\/button><\/div><\/p>\n                                            <\/div>\n                <\/div>\n            <\/div>\n                    \n            <div class=\"eael-image-accordion-hover eael-image-accordion-item\" style=\"background-image: url(https:\/\/ccaa.com.br\/wp-content\/uploads\/sede-min.png);\"  tabindex=\"0\">\n                <div class=\"overlay\">\n                    <div class=\"overlay-inner\">\n                        <a href=\"\/es\/unidades\/\"><h4 class=\"img-accordion-title\">Vacantes en las unidades<\/h4><\/a>                            <p><h2 class=\"title-cursos\"><strong>Vacantes de pasant\u00eda<\/strong><\/h2><div class=\"g-end\"><img decoding=\"async\" class=\"local\" src=\"https:\/\/ccaa.com.br\/wp-content\/uploads\/2tb.svg\" \/> <span class=\"endereco\">\u00bfTe gustar\u00eda trabajar en una de nuestras unidades?<\/span><\/div><hr \/><p>Descubre la unidad m\u00e1s cercana y env\u00eda tu curr\u00edculum.<\/p><div class=\"btns\"><button class=\"btn-1\"><a href=\"\/es\/unidades\/\">Encontrar una unidad<\/a><\/button><\/div><\/p>\n                                            <\/div>\n                <\/div>\n            <\/div>\n                    \n            <div class=\"eael-image-accordion-hover eael-image-accordion-item\" style=\"background-image: url(https:\/\/ccaa.com.br\/wp-content\/uploads\/bg-ingles-online-min-novo-v2-1.png);\"  tabindex=\"0\">\n                <div class=\"overlay\">\n                    <div class=\"overlay-inner\">\n                        <a href=\"https:\/\/ccaa.com.br\/es\/sobre-o-ccaa\/\"><h4 class=\"img-accordion-title\">M\u00e1s sobre CCAA<\/h4><\/a>                            <p><h2 class=\"title-cursos\"><strong>M\u00e1s sobre CCAA<\/strong><\/h2><div class=\"g-end\"><img decoding=\"async\" class=\"local\" src=\"https:\/\/ccaa.com.br\/wp-content\/uploads\/2tb.svg\" \/> <span class=\"endereco\">Conoce m\u00e1s sobre CCAA.<\/span><\/div><hr \/><p>Contamos con estudios de audio y video, estaciones para la creaci\u00f3n de dibujos animados y un parque gr\u00e1fico que produce anualmente m\u00e1s de 2 millones de libros.<\/p><div class=\"btns\"><button class=\"btn-1\"><a href=\"\/es\/sobre-o-ccaa\/\">Conoce m\u00e1s sobre CCAA.<\/a><\/button><\/div><\/p>\n                                            <\/div>\n                <\/div>\n            <\/div>\n                <\/div>\n        <style typr=\"text\/css\">\n                    #eael-img-accordion-f922689 .eael-image-accordion-hover:hover {\n                        flex: 3 1 0% !important;\n                    }\n                    #eael-img-accordion-f922689 .eael-image-accordion-hover:hover:hover .overlay-inner * {\n                        opacity: 1;\n                        visibility: visible;\n                        transform: none;\n                        transition: all .3s .3s;\n                    }\n                <\/style>\t\t\t\t<\/div>\n\t\t\t\t<\/div>\n\t\t\t\t<\/div>\n\t\t\t\t\t<\/div>\n\t\t\t\t<\/div>\n\t\t\t\t<\/div>","protected":false},"excerpt":{"rendered":"<p>Trabalhe conosco Trabalhe conosco e fa\u00e7a parte do time CCAA Esta \u00e1rea \u00e9 destinada ao cadastro de curr\u00edculos de profissionais que tenham interesse em trabalhar no CCAA. Vagas de est\u00e1gio Vagas de est\u00e1gio SEDE CCAA &#8211; RIO DE JANEIRO Procura desafios e oportunidades de desenvolvimento? O CCAA \u00e9 o lugar para o seu crescimento. Veja [&hellip;]<\/p>","protected":false},"author":1193493,"featured_media":0,"parent":0,"menu_order":0,"comment_status":"closed","ping_status":"closed","template":"","meta":{"footnotes":""},"class_list":["post-15733","page","type-page","status-publish","hentry"],"acf":[],"yoast_head":"<!-- This site is optimized with the Yoast SEO plugin v24.8.1 - https:\/\/yoast.com\/wordpress\/plugins\/seo\/ -->\n<title>Trabalhe Conosco - CCAA<\/title>\n<meta name=\"robots\" content=\"index, follow, max-snippet:-1, max-image-preview:large, max-video-preview:-1\" \/>\n<link rel=\"canonical\" href=\"https:\/\/ccaa.com.br\/es\/trabalhe-conosco\/\" \/>\n<meta property=\"og:locale\" content=\"es_ES\" \/>\n<meta property=\"og:type\" content=\"article\" \/>\n<meta property=\"og:title\" content=\"Trabalhe no CCAA: Vagas e Oportunidades\" \/>\n<meta property=\"og:description\" content=\"Conhe\u00e7a as oportunidades de carreira no CCAA. Fa\u00e7a parte de uma das maiores escolas de idiomas do Brasil.\" \/>\n<meta property=\"og:url\" content=\"https:\/\/ccaa.com.br\/es\/trabalhe-conosco\/\" \/>\n<meta property=\"og:site_name\" content=\"CCAA\" \/>\n<meta property=\"article:publisher\" content=\"https:\/\/www.facebook.com\/CCAA\" \/>\n<meta property=\"article:modified_time\" content=\"2026-04-17T12:48:14+00:00\" \/>\n<meta property=\"og:image\" content=\"https:\/\/ccaa.com.br\/wp-content\/uploads\/2024\/01\/be-photo1.jpg\" \/>\n\t<meta property=\"og:image:width\" content=\"800\" \/>\n\t<meta property=\"og:image:height\" content=\"534\" \/>\n\t<meta property=\"og:image:type\" content=\"image\/jpeg\" \/>\n<meta name=\"twitter:card\" content=\"summary_large_image\" \/>\n<meta name=\"twitter:site\" content=\"@ccaaoficial\" \/>\n<meta name=\"twitter:label1\" content=\"Tiempo de lectura\" \/>\n\t<meta name=\"twitter:data1\" content=\"2 minutos\" \/>\n<script type=\"application\/ld+json\" class=\"yoast-schema-graph\">{\"@context\":\"https:\/\/schema.org\",\"@graph\":[{\"@type\":\"WebPage\",\"@id\":\"https:\/\/ccaa.com.br\/trabalhe-conosco\/\",\"url\":\"https:\/\/ccaa.com.br\/trabalhe-conosco\/\",\"name\":\"Trabalhe Conosco - CCAA\",\"isPartOf\":{\"@id\":\"https:\/\/ccaa.com.br\/#website\"},\"primaryImageOfPage\":{\"@id\":\"https:\/\/ccaa.com.br\/trabalhe-conosco\/#primaryimage\"},\"image\":{\"@id\":\"https:\/\/ccaa.com.br\/trabalhe-conosco\/#primaryimage\"},\"thumbnailUrl\":\"https:\/\/ccaa.com.br\/wp-content\/uploads\/2tb.svg\",\"datePublished\":\"2024-10-03T23:10:31+00:00\",\"dateModified\":\"2026-04-17T12:48:14+00:00\",\"breadcrumb\":{\"@id\":\"https:\/\/ccaa.com.br\/trabalhe-conosco\/#breadcrumb\"},\"inLanguage\":\"es\",\"potentialAction\":[{\"@type\":\"ReadAction\",\"target\":[\"https:\/\/ccaa.com.br\/trabalhe-conosco\/\"]}]},{\"@type\":\"ImageObject\",\"inLanguage\":\"es\",\"@id\":\"https:\/\/ccaa.com.br\/trabalhe-conosco\/#primaryimage\",\"url\":\"https:\/\/ccaa.com.br\/wp-content\/uploads\/2tb.svg\",\"contentUrl\":\"https:\/\/ccaa.com.br\/wp-content\/uploads\/2tb.svg\"},{\"@type\":\"BreadcrumbList\",\"@id\":\"https:\/\/ccaa.com.br\/trabalhe-conosco\/#breadcrumb\",\"itemListElement\":[{\"@type\":\"ListItem\",\"position\":1,\"name\":\"Home\",\"item\":\"https:\/\/ccaa.com.br\/\"},{\"@type\":\"ListItem\",\"position\":2,\"name\":\"Trabalhe Conosco\"}]},{\"@type\":\"WebSite\",\"@id\":\"https:\/\/ccaa.com.br\/#website\",\"url\":\"https:\/\/ccaa.com.br\/\",\"name\":\"CCAA\",\"description\":\"\",\"publisher\":{\"@id\":\"https:\/\/ccaa.com.br\/#organization\"},\"potentialAction\":[{\"@type\":\"SearchAction\",\"target\":{\"@type\":\"EntryPoint\",\"urlTemplate\":\"https:\/\/ccaa.com.br\/?s={search_term_string}\"},\"query-input\":{\"@type\":\"PropertyValueSpecification\",\"valueRequired\":true,\"valueName\":\"search_term_string\"}}],\"inLanguage\":\"es\"},{\"@type\":\"Organization\",\"@id\":\"https:\/\/ccaa.com.br\/#organization\",\"name\":\"CCAA\",\"url\":\"https:\/\/ccaa.com.br\/\",\"logo\":{\"@type\":\"ImageObject\",\"inLanguage\":\"es\",\"@id\":\"https:\/\/ccaa.com.br\/#\/schema\/logo\/image\/\",\"url\":\"https:\/\/ccaa.com.br\/wp-content\/uploads\/logo.svg\",\"contentUrl\":\"https:\/\/ccaa.com.br\/wp-content\/uploads\/logo.svg\",\"width\":133,\"height\":90,\"caption\":\"CCAA\"},\"image\":{\"@id\":\"https:\/\/ccaa.com.br\/#\/schema\/logo\/image\/\"},\"sameAs\":[\"https:\/\/www.facebook.com\/CCAA\",\"https:\/\/x.com\/ccaaoficial\"]}]}<\/script>\n<!-- \/ Yoast SEO plugin. -->","yoast_head_json":{"title":"Trabalhe Conosco - CCAA","robots":{"index":"index","follow":"follow","max-snippet":"max-snippet:-1","max-image-preview":"max-image-preview:large","max-video-preview":"max-video-preview:-1"},"canonical":"https:\/\/ccaa.com.br\/es\/trabalhe-conosco\/","og_locale":"es_ES","og_type":"article","og_title":"Trabalhe no CCAA: Vagas e Oportunidades","og_description":"Conhe\u00e7a as oportunidades de carreira no CCAA. Fa\u00e7a parte de uma das maiores escolas de idiomas do Brasil.","og_url":"https:\/\/ccaa.com.br\/es\/trabalhe-conosco\/","og_site_name":"CCAA","article_publisher":"https:\/\/www.facebook.com\/CCAA","article_modified_time":"2026-04-17T12:48:14+00:00","og_image":[{"width":800,"height":534,"url":"https:\/\/ccaa.com.br\/wp-content\/uploads\/2024\/01\/be-photo1.jpg","type":"image\/jpeg"}],"twitter_card":"summary_large_image","twitter_site":"@ccaaoficial","twitter_misc":{"Tiempo de lectura":"2 minutos"},"schema":{"@context":"https:\/\/schema.org","@graph":[{"@type":"WebPage","@id":"https:\/\/ccaa.com.br\/trabalhe-conosco\/","url":"https:\/\/ccaa.com.br\/trabalhe-conosco\/","name":"Trabalhe Conosco - CCAA","isPartOf":{"@id":"https:\/\/ccaa.com.br\/#website"},"primaryImageOfPage":{"@id":"https:\/\/ccaa.com.br\/trabalhe-conosco\/#primaryimage"},"image":{"@id":"https:\/\/ccaa.com.br\/trabalhe-conosco\/#primaryimage"},"thumbnailUrl":"https:\/\/ccaa.com.br\/wp-content\/uploads\/2tb.svg","datePublished":"2024-10-03T23:10:31+00:00","dateModified":"2026-04-17T12:48:14+00:00","breadcrumb":{"@id":"https:\/\/ccaa.com.br\/trabalhe-conosco\/#breadcrumb"},"inLanguage":"es","potentialAction":[{"@type":"ReadAction","target":["https:\/\/ccaa.com.br\/trabalhe-conosco\/"]}]},{"@type":"ImageObject","inLanguage":"es","@id":"https:\/\/ccaa.com.br\/trabalhe-conosco\/#primaryimage","url":"https:\/\/ccaa.com.br\/wp-content\/uploads\/2tb.svg","contentUrl":"https:\/\/ccaa.com.br\/wp-content\/uploads\/2tb.svg"},{"@type":"BreadcrumbList","@id":"https:\/\/ccaa.com.br\/trabalhe-conosco\/#breadcrumb","itemListElement":[{"@type":"ListItem","position":1,"name":"Home","item":"https:\/\/ccaa.com.br\/"},{"@type":"ListItem","position":2,"name":"Trabalhe Conosco"}]},{"@type":"WebSite","@id":"https:\/\/ccaa.com.br\/#website","url":"https:\/\/ccaa.com.br\/","name":"CCAA","description":"","publisher":{"@id":"https:\/\/ccaa.com.br\/#organization"},"potentialAction":[{"@type":"SearchAction","target":{"@type":"EntryPoint","urlTemplate":"https:\/\/ccaa.com.br\/?s={search_term_string}"},"query-input":{"@type":"PropertyValueSpecification","valueRequired":true,"valueName":"search_term_string"}}],"inLanguage":"es"},{"@type":"Organization","@id":"https:\/\/ccaa.com.br\/#organization","name":"CCAA","url":"https:\/\/ccaa.com.br\/","logo":{"@type":"ImageObject","inLanguage":"es","@id":"https:\/\/ccaa.com.br\/#\/schema\/logo\/image\/","url":"https:\/\/ccaa.com.br\/wp-content\/uploads\/logo.svg","contentUrl":"https:\/\/ccaa.com.br\/wp-content\/uploads\/logo.svg","width":133,"height":90,"caption":"CCAA"},"image":{"@id":"https:\/\/ccaa.com.br\/#\/schema\/logo\/image\/"},"sameAs":["https:\/\/www.facebook.com\/CCAA","https:\/\/x.com\/ccaaoficial"]}]}},"_links":{"self":[{"href":"https:\/\/ccaa.com.br\/es\/wp-json\/wp\/v2\/pages\/15733","targetHints":{"allow":["GET"]}}],"collection":[{"href":"https:\/\/ccaa.com.br\/es\/wp-json\/wp\/v2\/pages"}],"about":[{"href":"https:\/\/ccaa.com.br\/es\/wp-json\/wp\/v2\/types\/page"}],"author":[{"embeddable":true,"href":"https:\/\/ccaa.com.br\/es\/wp-json\/wp\/v2\/users\/1193493"}],"replies":[{"embeddable":true,"href":"https:\/\/ccaa.com.br\/es\/wp-json\/wp\/v2\/comments?post=15733"}],"version-history":[{"count":62,"href":"https:\/\/ccaa.com.br\/es\/wp-json\/wp\/v2\/pages\/15733\/revisions"}],"predecessor-version":[{"id":25050,"href":"https:\/\/ccaa.com.br\/es\/wp-json\/wp\/v2\/pages\/15733\/revisions\/25050"}],"wp:attachment":[{"href":"https:\/\/ccaa.com.br\/es\/wp-json\/wp\/v2\/media?parent=15733"}],"curies":[{"name":"wp","href":"https:\/\/api.w.org\/{rel}","templated":true}]}}