{"id":17247,"date":"2024-10-23T06:43:41","date_gmt":"2024-10-23T06:43:41","guid":{"rendered":"https:\/\/ccaa.sinnapse.com.br\/?page_id=17247"},"modified":"2025-05-29T17:09:40","modified_gmt":"2025-05-29T17:09:40","slug":"sucesso","status":"publish","type":"page","link":"https:\/\/ccaa.com.br\/es\/para-empresas\/sucesso\/","title":{"rendered":"\u00c9xito"},"content":{"rendered":"<div data-elementor-type=\"wp-page\" data-elementor-id=\"17247\" class=\"elementor elementor-17247\" data-elementor-post-type=\"page\">\n\t\t\t\t<div class=\"elementor-element elementor-element-b9b7dc8 e-flex e-con-boxed e-con e-parent\" data-id=\"b9b7dc8\" data-element_type=\"container\" data-settings=\"{&quot;background_background&quot;:&quot;classic&quot;}\">\n\t\t\t\t\t<div class=\"e-con-inner\">\n\t\t<div class=\"elementor-element elementor-element-8b0c20d e-con-full e-flex e-con e-child\" data-id=\"8b0c20d\" data-element_type=\"container\">\n\t\t<div class=\"elementor-element elementor-element-3d0dfa1 e-con-full e-flex e-con e-child\" data-id=\"3d0dfa1\" data-element_type=\"container\">\n\t\t\t\t<div class=\"elementor-element elementor-element-754543f elementor-button-info elementor-widget elementor-widget-button\" data-id=\"754543f\" data-element_type=\"widget\" data-widget_type=\"button.default\">\n\t\t\t\t<div class=\"elementor-widget-container\">\n\t\t\t\t\t\t\t\t\t<div class=\"elementor-button-wrapper\">\n\t\t\t\t\t<a class=\"elementor-button elementor-size-sm\" role=\"button\">\n\t\t\t\t\t\t<span class=\"elementor-button-content-wrapper\">\n\t\t\t\t\t\t<span class=\"elementor-button-icon\">\n\t\t\t\t<svg xmlns=\"http:\/\/www.w3.org\/2000\/svg\" xmlns:xlink=\"http:\/\/www.w3.org\/1999\/xlink\" width=\"23.516\" height=\"24.579\" viewbox=\"0 0 23.516 24.579\"><defs><clippath id=\"clip-path\"><rect id=\"Ret&#xE2;ngulo_726\" data-name=\"Ret&#xE2;ngulo 726\" width=\"23.516\" height=\"24.579\" fill=\"none\"><\/rect><\/clippath><\/defs><g id=\"Grupo_1173\" data-name=\"Grupo 1173\" transform=\"translate(0 0)\"><g id=\"Grupo_1172\" data-name=\"Grupo 1172\" transform=\"translate(0 0)\" clip-path=\"url(#clip-path)\"><path id=\"Caminho_4943\" data-name=\"Caminho 4943\" d=\"M20.638,0H13.52a2.88,2.88,0,0,0-2.877,2.877V8.408a2.824,2.824,0,0,0-.648-.08H2.877A2.88,2.88,0,0,0,0,11.2V21.7a2.88,2.88,0,0,0,2.877,2.877h17.76A2.881,2.881,0,0,0,23.516,21.7V2.877A2.881,2.881,0,0,0,20.638,0M10.643,22.349H2.877A.647.647,0,0,1,2.23,21.7V11.2a.647.647,0,0,1,.647-.647H9.995a.648.648,0,0,1,.648.647ZM21.285,21.7a.648.648,0,0,1-.648.647H12.873V2.877a.647.647,0,0,1,.647-.647h7.118a.648.648,0,0,1,.648.647Z\" transform=\"translate(0 0)\" fill=\"#185ca5\"><\/path><rect id=\"Ret&#xE2;ngulo_720\" data-name=\"Ret&#xE2;ngulo 720\" width=\"4.911\" height=\"2.23\" transform=\"translate(14.623 4.342)\" fill=\"#185ca5\"><\/rect><rect id=\"Ret&#xE2;ngulo_721\" data-name=\"Ret&#xE2;ngulo 721\" width=\"4.911\" height=\"2.23\" transform=\"translate(14.623 8.328)\" fill=\"#185ca5\"><\/rect><rect id=\"Ret&#xE2;ngulo_722\" data-name=\"Ret&#xE2;ngulo 722\" width=\"4.911\" height=\"2.23\" transform=\"translate(14.623 12.313)\" fill=\"#185ca5\"><\/rect><rect id=\"Ret&#xE2;ngulo_723\" data-name=\"Ret&#xE2;ngulo 723\" width=\"4.911\" height=\"2.23\" transform=\"translate(14.623 16.3)\" fill=\"#185ca5\"><\/rect><rect id=\"Ret&#xE2;ngulo_724\" data-name=\"Ret&#xE2;ngulo 724\" width=\"4.911\" height=\"2.23\" transform=\"translate(3.98 12.313)\" fill=\"#185ca5\"><\/rect><rect id=\"Ret&#xE2;ngulo_725\" data-name=\"Ret&#xE2;ngulo 725\" width=\"4.911\" height=\"2.23\" transform=\"translate(3.98 16.3)\" fill=\"#185ca5\"><\/rect><\/g><\/g><\/svg>\t\t\t<\/span>\n\t\t\t\t\t\t\t\t\t<span class=\"elementor-button-text\">Para empresas<\/span>\n\t\t\t\t\t<\/span>\n\t\t\t\t\t<\/a>\n\t\t\t\t<\/div>\n\t\t\t\t\t\t\t\t<\/div>\n\t\t\t\t<\/div>\n\t\t\t\t<\/div>\n\t\t<div class=\"elementor-element elementor-element-80747a4 e-con-full e-flex e-con e-child\" data-id=\"80747a4\" data-element_type=\"container\">\n\t\t\t\t<div class=\"elementor-element elementor-element-d432b39 elementor-widget elementor-widget-heading\" data-id=\"d432b39\" data-element_type=\"widget\" data-widget_type=\"heading.default\">\n\t\t\t\t<div class=\"elementor-widget-container\">\n\t\t\t\t\t<h2 class=\"elementor-heading-title elementor-size-default\">Estamos felices <br><b>de recibir tu contacto.<\/b><\/h2>\t\t\t\t<\/div>\n\t\t\t\t<\/div>\n\t\t\t\t<div class=\"elementor-element elementor-element-927c938 elementor-widget elementor-widget-text-editor\" data-id=\"927c938\" data-element_type=\"widget\" data-widget_type=\"text-editor.default\">\n\t\t\t\t<div class=\"elementor-widget-container\">\n\t\t\t\t\t\t\t\t\tMuy pronto atenderemos tu solicitud y aclararemos tus dudas. Pero, si lo prefieres, comun\u00edcate directamente con una <a href=\"\/es\/unidades\/\" style=\"color:white; font-weight:bold; text-decoration:underline;\">unidad<\/a>.\t\t\t\t\t\t\t\t<\/div>\n\t\t\t\t<\/div>\n\t\t\t\t<div class=\"elementor-element elementor-element-f7d4116 elementor-widget-divider--view-line elementor-widget elementor-widget-divider\" data-id=\"f7d4116\" data-element_type=\"widget\" data-widget_type=\"divider.default\">\n\t\t\t\t<div class=\"elementor-widget-container\">\n\t\t\t\t\t\t\t<div class=\"elementor-divider\">\n\t\t\t<span class=\"elementor-divider-separator\">\n\t\t\t\t\t\t<\/span>\n\t\t<\/div>\n\t\t\t\t\t\t<\/div>\n\t\t\t\t<\/div>\n\t\t\t\t<div class=\"elementor-element elementor-element-e3fba34 elementor-widget__width-initial elementor-icon-list--layout-traditional elementor-list-item-link-full_width elementor-widget elementor-widget-icon-list\" data-id=\"e3fba34\" data-element_type=\"widget\" data-widget_type=\"icon-list.default\">\n\t\t\t\t<div class=\"elementor-widget-container\">\n\t\t\t\t\t\t\t<ul class=\"elementor-icon-list-items\">\n\t\t\t\t\t\t\t<li class=\"elementor-icon-list-item\">\n\t\t\t\t\t\t\t\t\t\t\t<span class=\"elementor-icon-list-icon\">\n\t\t\t\t\t\t\t<svg aria-hidden=\"true\" class=\"e-font-icon-svg e-fas-map-marker-alt\" viewbox=\"0 0 384 512\" xmlns=\"http:\/\/www.w3.org\/2000\/svg\"><path d=\"M172.268 501.67C26.97 291.031 0 269.413 0 192 0 85.961 85.961 0 192 0s192 85.961 192 192c0 77.413-26.97 99.031-172.268 309.67-9.535 13.774-29.93 13.773-39.464 0zM192 272c44.183 0 80-35.817 80-80s-35.817-80-80-80-80 35.817-80 80 35.817 80 80 80z\"><\/path><\/svg>\t\t\t\t\t\t<\/span>\n\t\t\t\t\t\t\t\t\t\t<span class=\"elementor-icon-list-text\">  \u2014 <\/span>\n\t\t\t\t\t\t\t\t\t<\/li>\n\t\t\t\t\t\t\t\t<li class=\"elementor-icon-list-item\">\n\t\t\t\t\t\t\t\t\t\t\t<span class=\"elementor-icon-list-icon\">\n\t\t\t\t\t\t\t<svg aria-hidden=\"true\" class=\"e-font-icon-svg e-fab-whatsapp\" viewbox=\"0 0 448 512\" xmlns=\"http:\/\/www.w3.org\/2000\/svg\"><path d=\"M380.9 97.1C339 55.1 283.2 32 223.9 32c-122.4 0-222 99.6-222 222 0 39.1 10.2 77.3 29.6 111L0 480l117.7-30.9c32.4 17.7 68.9 27 106.1 27h.1c122.3 0 224.1-99.6 224.1-222 0-59.3-25.2-115-67.1-157zm-157 341.6c-33.2 0-65.7-8.9-94-25.7l-6.7-4-69.8 18.3L72 359.2l-4.4-7c-18.5-29.4-28.2-63.3-28.2-98.2 0-101.7 82.8-184.5 184.6-184.5 49.3 0 95.6 19.2 130.4 54.1 34.8 34.9 56.2 81.2 56.1 130.5 0 101.8-84.9 184.6-186.6 184.6zm101.2-138.2c-5.5-2.8-32.8-16.2-37.9-18-5.1-1.9-8.8-2.8-12.5 2.8-3.7 5.6-14.3 18-17.6 21.8-3.2 3.7-6.5 4.2-12 1.4-32.6-16.3-54-29.1-75.5-66-5.7-9.8 5.7-9.1 16.3-30.3 1.8-3.7.9-6.9-.5-9.7-1.4-2.8-12.5-30.1-17.1-41.2-4.5-10.8-9.1-9.3-12.5-9.5-3.2-.2-6.9-.2-10.6-.2-3.7 0-9.7 1.4-14.8 6.9-5.1 5.6-19.4 19-19.4 46.3 0 27.3 19.9 53.7 22.6 57.4 2.8 3.7 39.1 59.7 94.8 83.8 35.2 15.2 49 16.5 66.6 13.9 10.7-1.6 32.8-13.4 37.4-26.4 4.6-13 4.6-24.1 3.2-26.4-1.3-2.5-5-3.9-10.5-6.6z\"><\/path><\/svg>\t\t\t\t\t\t<\/span>\n\t\t\t\t\t\t\t\t\t\t<span class=\"elementor-icon-list-text\"><\/span>\n\t\t\t\t\t\t\t\t\t<\/li>\n\t\t\t\t\t\t\t\t<li class=\"elementor-icon-list-item\">\n\t\t\t\t\t\t\t\t\t\t\t<span class=\"elementor-icon-list-icon\">\n\t\t\t\t\t\t\t<svg aria-hidden=\"true\" class=\"e-font-icon-svg e-fas-phone-alt\" viewbox=\"0 0 512 512\" xmlns=\"http:\/\/www.w3.org\/2000\/svg\"><path d=\"M497.39 361.8l-112-48a24 24 0 0 0-28 6.9l-49.6 60.6A370.66 370.66 0 0 1 130.6 204.11l60.6-49.6a23.94 23.94 0 0 0 6.9-28l-48-112A24.16 24.16 0 0 0 122.6.61l-104 24A24 24 0 0 0 0 48c0 256.5 207.9 464 464 464a24 24 0 0 0 23.4-18.6l24-104a24.29 24.29 0 0 0-14.01-27.6z\"><\/path><\/svg>\t\t\t\t\t\t<\/span>\n\t\t\t\t\t\t\t\t\t\t<span class=\"elementor-icon-list-text\"> &nbsp; <\/span>\n\t\t\t\t\t\t\t\t\t<\/li>\n\t\t\t\t\t\t\t\t<li class=\"elementor-icon-list-item\">\n\t\t\t\t\t\t\t\t\t\t\t<span class=\"elementor-icon-list-icon\">\n\t\t\t\t\t\t\t<svg aria-hidden=\"true\" class=\"e-font-icon-svg e-far-envelope\" viewbox=\"0 0 512 512\" xmlns=\"http:\/\/www.w3.org\/2000\/svg\"><path d=\"M464 64H48C21.49 64 0 85.49 0 112v288c0 26.51 21.49 48 48 48h416c26.51 0 48-21.49 48-48V112c0-26.51-21.49-48-48-48zm0 48v40.805c-22.422 18.259-58.168 46.651-134.587 106.49-16.841 13.247-50.201 45.072-73.413 44.701-23.208.375-56.579-31.459-73.413-44.701C106.18 199.465 70.425 171.067 48 152.805V112h416zM48 400V214.398c22.914 18.251 55.409 43.862 104.938 82.646 21.857 17.205 60.134 55.186 103.062 54.955 42.717.231 80.509-37.199 103.053-54.947 49.528-38.783 82.032-64.401 104.947-82.653V400H48z\"><\/path><\/svg>\t\t\t\t\t\t<\/span>\n\t\t\t\t\t\t\t\t\t\t<span class=\"elementor-icon-list-text\"><\/span>\n\t\t\t\t\t\t\t\t\t<\/li>\n\t\t\t\t\t\t<\/ul>\n\t\t\t\t\t\t<\/div>\n\t\t\t\t<\/div>\n\t\t\t\t<\/div>\n\t\t\t\t<\/div>\n\t\t<div class=\"elementor-element elementor-element-de0cc51 e-con-full e-flex e-con e-child\" data-id=\"de0cc51\" data-element_type=\"container\">\n\t\t<div class=\"elementor-element elementor-element-efbb19a e-con-full e-flex e-con e-child\" data-id=\"efbb19a\" data-element_type=\"container\" data-settings=\"{&quot;background_background&quot;:&quot;classic&quot;}\">\n\t\t\t\t<div class=\"elementor-element elementor-element-e8730fb elementor-widget elementor-widget-shortcode\" data-id=\"e8730fb\" data-element_type=\"widget\" data-widget_type=\"shortcode.default\">\n\t\t\t\t<div class=\"elementor-widget-container\">\n\t\t\t\t\t\t\t<div class=\"elementor-shortcode\"><div id=\"render-map-unidade\" class=\"\" data-lat=\"\" data-lng=\"\" data-name=\"\"><\/div>\n\t\t\t\t\t<div class=\"\" id=\"directions-panel\"><\/div><\/div>\n\t\t\t\t\t\t<\/div>\n\t\t\t\t<\/div>\n\t\t\t\t<\/div>\n\t\t\t\t<\/div>\n\t\t\t\t\t<\/div>\n\t\t\t\t<\/div>\n\t\t\t\t<\/div>","protected":false},"excerpt":{"rendered":"<p>Para empresas Ficamos felizes com o seu contato. Logo, logo atenderemos a sua solicita\u00e7\u00e3o e tiraremos suas d\u00favidas. Mas, se preferir, entre em contato diretamente com uma unidade.<\/p>","protected":false},"author":1193413,"featured_media":0,"parent":15195,"menu_order":0,"comment_status":"closed","ping_status":"closed","template":"elementor_header_footer","meta":{"footnotes":""},"class_list":["post-17247","page","type-page","status-publish","hentry"],"acf":[],"yoast_head":"<!-- This site is optimized with the Yoast SEO plugin v24.8.1 - https:\/\/yoast.com\/wordpress\/plugins\/seo\/ -->\n<title>Sucesso - CCAA<\/title>\n<meta name=\"robots\" content=\"index, follow, max-snippet:-1, max-image-preview:large, max-video-preview:-1\" \/>\n<link rel=\"canonical\" href=\"https:\/\/ccaa.com.br\/es\/para-empresas\/sucesso\/\" \/>\n<meta property=\"og:locale\" content=\"es_ES\" \/>\n<meta property=\"og:type\" content=\"article\" \/>\n<meta property=\"og:title\" content=\"Sucesso - CCAA\" \/>\n<meta property=\"og:description\" content=\"Para empresas Ficamos felizes com o seu contato. Logo, logo atenderemos a sua solicita\u00e7\u00e3o e tiraremos suas d\u00favidas. Mas, se preferir, entre em contato diretamente com uma unidade.\" \/>\n<meta property=\"og:url\" content=\"https:\/\/ccaa.com.br\/es\/para-empresas\/sucesso\/\" \/>\n<meta property=\"og:site_name\" content=\"CCAA\" \/>\n<meta property=\"article:publisher\" content=\"https:\/\/www.facebook.com\/CCAA\" \/>\n<meta property=\"article:modified_time\" content=\"2025-05-29T17:09:40+00:00\" \/>\n<meta name=\"twitter:card\" content=\"summary_large_image\" \/>\n<meta name=\"twitter:site\" content=\"@ccaaoficial\" \/>\n<meta name=\"twitter:label1\" content=\"Tiempo de lectura\" \/>\n\t<meta name=\"twitter:data1\" content=\"1 minuto\" \/>\n<script type=\"application\/ld+json\" class=\"yoast-schema-graph\">{\"@context\":\"https:\/\/schema.org\",\"@graph\":[{\"@type\":\"WebPage\",\"@id\":\"https:\/\/ccaa.com.br\/para-empresas\/sucesso\/\",\"url\":\"https:\/\/ccaa.com.br\/para-empresas\/sucesso\/\",\"name\":\"Sucesso - CCAA\",\"isPartOf\":{\"@id\":\"https:\/\/ccaa.com.br\/#website\"},\"datePublished\":\"2024-10-23T06:43:41+00:00\",\"dateModified\":\"2025-05-29T17:09:40+00:00\",\"breadcrumb\":{\"@id\":\"https:\/\/ccaa.com.br\/para-empresas\/sucesso\/#breadcrumb\"},\"inLanguage\":\"es\",\"potentialAction\":[{\"@type\":\"ReadAction\",\"target\":[\"https:\/\/ccaa.com.br\/para-empresas\/sucesso\/\"]}]},{\"@type\":\"BreadcrumbList\",\"@id\":\"https:\/\/ccaa.com.br\/para-empresas\/sucesso\/#breadcrumb\",\"itemListElement\":[{\"@type\":\"ListItem\",\"position\":1,\"name\":\"Home\",\"item\":\"https:\/\/ccaa.com.br\/\"},{\"@type\":\"ListItem\",\"position\":2,\"name\":\"Para Empresas\",\"item\":\"https:\/\/ccaa.com.br\/para-empresas\/\"},{\"@type\":\"ListItem\",\"position\":3,\"name\":\"Sucesso\"}]},{\"@type\":\"WebSite\",\"@id\":\"https:\/\/ccaa.com.br\/#website\",\"url\":\"https:\/\/ccaa.com.br\/\",\"name\":\"CCAA\",\"description\":\"\",\"publisher\":{\"@id\":\"https:\/\/ccaa.com.br\/#organization\"},\"potentialAction\":[{\"@type\":\"SearchAction\",\"target\":{\"@type\":\"EntryPoint\",\"urlTemplate\":\"https:\/\/ccaa.com.br\/?s={search_term_string}\"},\"query-input\":{\"@type\":\"PropertyValueSpecification\",\"valueRequired\":true,\"valueName\":\"search_term_string\"}}],\"inLanguage\":\"es\"},{\"@type\":\"Organization\",\"@id\":\"https:\/\/ccaa.com.br\/#organization\",\"name\":\"CCAA\",\"url\":\"https:\/\/ccaa.com.br\/\",\"logo\":{\"@type\":\"ImageObject\",\"inLanguage\":\"es\",\"@id\":\"https:\/\/ccaa.com.br\/#\/schema\/logo\/image\/\",\"url\":\"https:\/\/ccaa.com.br\/wp-content\/uploads\/logo.svg\",\"contentUrl\":\"https:\/\/ccaa.com.br\/wp-content\/uploads\/logo.svg\",\"width\":133,\"height\":90,\"caption\":\"CCAA\"},\"image\":{\"@id\":\"https:\/\/ccaa.com.br\/#\/schema\/logo\/image\/\"},\"sameAs\":[\"https:\/\/www.facebook.com\/CCAA\",\"https:\/\/x.com\/ccaaoficial\"]}]}<\/script>\n<!-- \/ Yoast SEO plugin. -->","yoast_head_json":{"title":"Sucesso - CCAA","robots":{"index":"index","follow":"follow","max-snippet":"max-snippet:-1","max-image-preview":"max-image-preview:large","max-video-preview":"max-video-preview:-1"},"canonical":"https:\/\/ccaa.com.br\/es\/para-empresas\/sucesso\/","og_locale":"es_ES","og_type":"article","og_title":"Sucesso - CCAA","og_description":"Para empresas Ficamos felizes com o seu contato. Logo, logo atenderemos a sua solicita\u00e7\u00e3o e tiraremos suas d\u00favidas. Mas, se preferir, entre em contato diretamente com uma unidade.","og_url":"https:\/\/ccaa.com.br\/es\/para-empresas\/sucesso\/","og_site_name":"CCAA","article_publisher":"https:\/\/www.facebook.com\/CCAA","article_modified_time":"2025-05-29T17:09:40+00:00","twitter_card":"summary_large_image","twitter_site":"@ccaaoficial","twitter_misc":{"Tiempo de lectura":"1 minuto"},"schema":{"@context":"https:\/\/schema.org","@graph":[{"@type":"WebPage","@id":"https:\/\/ccaa.com.br\/para-empresas\/sucesso\/","url":"https:\/\/ccaa.com.br\/para-empresas\/sucesso\/","name":"Sucesso - CCAA","isPartOf":{"@id":"https:\/\/ccaa.com.br\/#website"},"datePublished":"2024-10-23T06:43:41+00:00","dateModified":"2025-05-29T17:09:40+00:00","breadcrumb":{"@id":"https:\/\/ccaa.com.br\/para-empresas\/sucesso\/#breadcrumb"},"inLanguage":"es","potentialAction":[{"@type":"ReadAction","target":["https:\/\/ccaa.com.br\/para-empresas\/sucesso\/"]}]},{"@type":"BreadcrumbList","@id":"https:\/\/ccaa.com.br\/para-empresas\/sucesso\/#breadcrumb","itemListElement":[{"@type":"ListItem","position":1,"name":"Home","item":"https:\/\/ccaa.com.br\/"},{"@type":"ListItem","position":2,"name":"Para Empresas","item":"https:\/\/ccaa.com.br\/para-empresas\/"},{"@type":"ListItem","position":3,"name":"Sucesso"}]},{"@type":"WebSite","@id":"https:\/\/ccaa.com.br\/#website","url":"https:\/\/ccaa.com.br\/","name":"CCAA","description":"","publisher":{"@id":"https:\/\/ccaa.com.br\/#organization"},"potentialAction":[{"@type":"SearchAction","target":{"@type":"EntryPoint","urlTemplate":"https:\/\/ccaa.com.br\/?s={search_term_string}"},"query-input":{"@type":"PropertyValueSpecification","valueRequired":true,"valueName":"search_term_string"}}],"inLanguage":"es"},{"@type":"Organization","@id":"https:\/\/ccaa.com.br\/#organization","name":"CCAA","url":"https:\/\/ccaa.com.br\/","logo":{"@type":"ImageObject","inLanguage":"es","@id":"https:\/\/ccaa.com.br\/#\/schema\/logo\/image\/","url":"https:\/\/ccaa.com.br\/wp-content\/uploads\/logo.svg","contentUrl":"https:\/\/ccaa.com.br\/wp-content\/uploads\/logo.svg","width":133,"height":90,"caption":"CCAA"},"image":{"@id":"https:\/\/ccaa.com.br\/#\/schema\/logo\/image\/"},"sameAs":["https:\/\/www.facebook.com\/CCAA","https:\/\/x.com\/ccaaoficial"]}]}},"_links":{"self":[{"href":"https:\/\/ccaa.com.br\/es\/wp-json\/wp\/v2\/pages\/17247","targetHints":{"allow":["GET"]}}],"collection":[{"href":"https:\/\/ccaa.com.br\/es\/wp-json\/wp\/v2\/pages"}],"about":[{"href":"https:\/\/ccaa.com.br\/es\/wp-json\/wp\/v2\/types\/page"}],"author":[{"embeddable":true,"href":"https:\/\/ccaa.com.br\/es\/wp-json\/wp\/v2\/users\/1193413"}],"replies":[{"embeddable":true,"href":"https:\/\/ccaa.com.br\/es\/wp-json\/wp\/v2\/comments?post=17247"}],"version-history":[{"count":4,"href":"https:\/\/ccaa.com.br\/es\/wp-json\/wp\/v2\/pages\/17247\/revisions"}],"predecessor-version":[{"id":17252,"href":"https:\/\/ccaa.com.br\/es\/wp-json\/wp\/v2\/pages\/17247\/revisions\/17252"}],"up":[{"embeddable":true,"href":"https:\/\/ccaa.com.br\/es\/wp-json\/wp\/v2\/pages\/15195"}],"wp:attachment":[{"href":"https:\/\/ccaa.com.br\/es\/wp-json\/wp\/v2\/media?parent=17247"}],"curies":[{"name":"wp","href":"https:\/\/api.w.org\/{rel}","templated":true}]}}